{"id":415,"date":"2011-02-10T13:48:49","date_gmt":"2011-02-10T12:48:49","guid":{"rendered":"http:\/\/www.death-rock.de\/"},"modified":"2015-02-28T14:57:52","modified_gmt":"2015-02-28T12:57:52","slug":"smoke-and-spotlight-compilation-vol-5","status":"publish","type":"page","link":"https:\/\/www.death-rock.de\/en\/smoke-and-spotlight-compilations\/smoke-and-spotlight-compilation-vol-5\/","title":{"rendered":"SMOKE AND SPOTLIGHT Compilation Vol. 5"},"content":{"rendered":"<p>Die <strong>death-rock.de CD-Compilation<\/strong> feiert mit Nummer 5 das &#8220;kleine&#8221; Jubil\u00e4um!<\/p>\n<p>Auch <strong>Smoke And Spotlight Vol. 5<\/strong> bietet wieder eine randvolle CD voller Tracks von bekannten und (noch)  \tunbekannten Bands zum kleinen Preis. Die CD wird wie immer f\u00fcr nur 6,- Euro verkauft und die gesamten Erl\u00f6se werden f\u00fcr Veranstaltungen von death-rock.de verwendet.<\/p>\n<p style=\"text-align: center;\"><img loading=\"lazy\" decoding=\"async\" class=\"size-full wp-image-416 aligncenter\" title=\"Smoke and Spotlight Vol. 5\" src=\"http:\/\/www.death-rock.de\/wp-content\/uploads\/2011\/02\/sas5web.jpg\" alt=\"Smoke and Spotlight Vol. 5\" width=\"400\" height=\"357\" srcset=\"https:\/\/www.death-rock.de\/wp-content\/uploads\/2011\/02\/sas5web.jpg 400w, https:\/\/www.death-rock.de\/wp-content\/uploads\/2011\/02\/sas5web-300x268.jpg 300w\" sizes=\"auto, (max-width: 400px) 100vw, 400px\" \/><\/p>\n<p><strong>TRACKLISTING:<\/strong><\/p>\n<ol>\n<li>CHRIST vs. WARHOL (USA) &#8211; Cross of Lorraine &#8211; <a href=\"http:\/\/www.myspace.com\/christvswarholmusic\" target=\"_blank\">WEBSITE<\/a><\/li>\n<li>PINOREKS (D) &#8211; Worst Case &#8211; <a href=\"http:\/\/www.myspace.com\/pinoreks\" target=\"_blank\">WEBSITE<\/a><\/li>\n<li>PROJECT:KOMAKINO (UK) &#8211; Temple &#8211; <a href=\"http:\/\/www.myspace.com\/projectkomakino\" target=\"_blank\">WEBSITE<\/a><\/li>\n<li>MANIATIKATZ (CO) &#8211; Criminal &#8211; <a href=\"http:\/\/www.myspace.com\/punkmaniatikatz\" target=\"_blank\">WEBSITE<\/a><\/li>\n<li>ULTERIOR (UK) &#8211; Sister Speed &#8211; <a href=\"http:\/\/www.myspace.com\/electricityisblood\" target=\"_blank\">WEBSITE<\/a><\/li>\n<li>PMG KOLEKTIV (MK) &#8211; Kontrol &#8211; <a href=\"http:\/\/www.myspace.com\/pmgcollective\" target=\"_blank\">WEBSITE<\/a><\/li>\n<li>ULTRANOIR (FIN) &#8211; Platta &#8211; <a href=\"http:\/\/www.myspace.com\/ultranoir\" target=\"_blank\">WEBSITE<\/a><\/li>\n<li>UK DECAY (UK) &#8211; Twist in the Tail &#8211; <a href=\"http:\/\/www.myspace.com\/ukdecay\" target=\"_blank\">WEBSITE<\/a><\/li>\n<li>YOUR FAVOURITE NIGHTMARE (D) &#8211; Out of Line &#8211; <a href=\"http:\/\/www.myspace.com\/yfnplanet\" target=\"_blank\">WEBSITE<\/a><\/li>\n<li>DROSERAE (F) &#8211; Feux Follets &#8211; <a href=\"http:\/\/www.myspace.com\/droserae\" target=\"_blank\">WEBSITE<\/a><\/li>\n<li>CAST NO SHADOW (D) &#8211; Buried Alive &#8211; <a href=\"http:\/\/www.myspace.com\/castnoshadow138\" target=\"_blank\">WEBSITE<\/a><\/li>\n<li>STRANGE DOLLS CULT (A) &#8211; Immortality &#8211; <a href=\"http:\/\/www.myspace.com\/strangedollscult\" target=\"_blank\">WEBSITE<\/a><\/li>\n<li>THE TRANSISTERS (I) &#8211; Mouse Problem &#8211; <a href=\"http:\/\/www.myspace.com\/thetransisters\" target=\"_blank\">WEBSITE<\/a><\/li>\n<li>SOCIOPHOBIA (UA) &#8211; Paranoia &#8211; <a href=\"http:\/\/www.myspace.com\/sociophobiaua\" target=\"_blank\">WEBSITE<\/a><\/li>\n<li>GROOVING IN GREEN (UK) &#8211; Nothing &#8211; <a href=\"http:\/\/www.myspace.com\/groovingingreen08\" target=\"_blank\">WEBSITE<\/a><\/li>\n<li>FEEDING FINGERS (USA) &#8211; Is Heaven All That You Hear &#8211; <a href=\"http:\/\/www.myspace.com\/thefeedingfingers\" target=\"_blank\">WEBSITE<\/a><\/li>\n<li>THE EXPLODING BOY (S) &#8211; Intervention &#8211; <a href=\"http:\/\/www.myspace.com\/theexplodingboyse\" target=\"_blank\">WEBSITE<\/a><\/li>\n<li>THE MUMBLES (UK) &#8211; Twenty-Two &#8211; <a href=\"http:\/\/www.myspace.com\/themumblesofficial\" target=\"_blank\">WEBSITE<\/a><\/li>\n<li>MURNAU&#8217;S PLAYHOUSE (FIN) &#8211; Panopticon &#8211; <a href=\"http:\/\/www.myspace.com\/murnausplayhouse\" target=\"_blank\">WEBSITE<\/a><\/li>\n<li>ELVIRA AND THE BATS (F) &#8211; Hunting Ugly Gods &#8211; <a href=\"http:\/\/www.myspace.com\/elviraandthebats\" target=\"_blank\">WEBSITE<\/a><\/li>\n<li>RAVENSDINER (D) &#8211; Lemming &#8211; <a href=\"http:\/\/www.myspace.com\/ravensdiner\" target=\"_blank\">WEBSITE<\/a><\/li>\n<li>CROTTENDORF (D) &#8211; Bieblach (Sebi Short Mix) &#8211; <a href=\"http:\/\/www.myspace.com\/crottendorf\" target=\"_blank\">WEBSITE<\/a><\/li>\n<\/ol>\n<h2><a title=\"SMOKE AND SPOTLIGHT Compilation Vol. 5\" href=\"https:\/\/smokeandspotlightcompilations.bandcamp.com\/album\/smoke-and-spotlight-compilation-vol-5\" target=\"_blank\">Digitaldownload auf Bandcamp.com<\/a><\/h2>\n<p>&#8220;Name Your Price&#8221; &#8211; ab 2,- \u20ac!<\/p>\n","protected":false},"excerpt":{"rendered":"<p>Die death-rock.de CD-Compilation feiert mit Nummer 5 das &#8220;kleine&#8221; Jubil\u00e4um! Auch Smoke And Spotlight Vol. 5 bietet wieder eine randvolle CD voller Tracks von bekannten und (noch) unbekannten Bands zum kleinen Preis. Die CD wird wie immer f\u00fcr nur 6,- Euro verkauft und die gesamten Erl\u00f6se werden f\u00fcr Veranstaltungen von death-rock.de verwendet. TRACKLISTING: CHRIST vs. [&hellip;]<\/p>\n","protected":false},"author":1,"featured_media":0,"parent":24,"menu_order":5,"comment_status":"closed","ping_status":"open","template":"","meta":{"ngg_post_thumbnail":0,"footnotes":""},"class_list":["post-415","page","type-page","status-publish","hentry"],"yoast_head":"<!-- This site is optimized with the Yoast SEO plugin v27.6 - https:\/\/yoast.com\/product\/yoast-seo-wordpress\/ -->\n<title>SMOKE AND SPOTLIGHT Compilation Vol. 5<\/title>\n<meta name=\"description\" content=\"SMOKE AND SPOTLIGHT Compilation Vol. 5 - Inhalt, Bandlinks und Informationen\" \/>\n<meta name=\"robots\" content=\"index, follow, max-snippet:-1, max-image-preview:large, max-video-preview:-1\" \/>\n<link rel=\"canonical\" href=\"https:\/\/www.death-rock.de\/smoke-and-spotlight-compilations\/smoke-and-spotlight-compilation-vol-5\/\" \/>\n<meta name=\"twitter:label1\" content=\"Estimated reading time\" \/>\n\t<meta name=\"twitter:data1\" content=\"1 minute\" \/>\n<script type=\"application\/ld+json\" class=\"yoast-schema-graph\">{\"@context\":\"https:\\\/\\\/schema.org\",\"@graph\":[{\"@type\":\"WebPage\",\"@id\":\"https:\\\/\\\/www.death-rock.de\\\/smoke-and-spotlight-compilations\\\/smoke-and-spotlight-compilation-vol-5\\\/\",\"url\":\"https:\\\/\\\/www.death-rock.de\\\/smoke-and-spotlight-compilations\\\/smoke-and-spotlight-compilation-vol-5\\\/\",\"name\":\"SMOKE AND SPOTLIGHT Compilation Vol. 5\",\"isPartOf\":{\"@id\":\"https:\\\/\\\/www.death-rock.de\\\/#website\"},\"primaryImageOfPage\":{\"@id\":\"https:\\\/\\\/www.death-rock.de\\\/smoke-and-spotlight-compilations\\\/smoke-and-spotlight-compilation-vol-5\\\/#primaryimage\"},\"image\":{\"@id\":\"https:\\\/\\\/www.death-rock.de\\\/smoke-and-spotlight-compilations\\\/smoke-and-spotlight-compilation-vol-5\\\/#primaryimage\"},\"thumbnailUrl\":\"http:\\\/\\\/www.death-rock.de\\\/wp-content\\\/uploads\\\/2011\\\/02\\\/sas5web.jpg\",\"datePublished\":\"2011-02-10T12:48:49+00:00\",\"dateModified\":\"2015-02-28T12:57:52+00:00\",\"description\":\"SMOKE AND SPOTLIGHT Compilation Vol. 5 - Inhalt, Bandlinks und Informationen\",\"breadcrumb\":{\"@id\":\"https:\\\/\\\/www.death-rock.de\\\/smoke-and-spotlight-compilations\\\/smoke-and-spotlight-compilation-vol-5\\\/#breadcrumb\"},\"inLanguage\":\"en-GB\",\"potentialAction\":[{\"@type\":\"ReadAction\",\"target\":[\"https:\\\/\\\/www.death-rock.de\\\/smoke-and-spotlight-compilations\\\/smoke-and-spotlight-compilation-vol-5\\\/\"]}]},{\"@type\":\"ImageObject\",\"inLanguage\":\"en-GB\",\"@id\":\"https:\\\/\\\/www.death-rock.de\\\/smoke-and-spotlight-compilations\\\/smoke-and-spotlight-compilation-vol-5\\\/#primaryimage\",\"url\":\"http:\\\/\\\/www.death-rock.de\\\/wp-content\\\/uploads\\\/2011\\\/02\\\/sas5web.jpg\",\"contentUrl\":\"http:\\\/\\\/www.death-rock.de\\\/wp-content\\\/uploads\\\/2011\\\/02\\\/sas5web.jpg\"},{\"@type\":\"BreadcrumbList\",\"@id\":\"https:\\\/\\\/www.death-rock.de\\\/smoke-and-spotlight-compilations\\\/smoke-and-spotlight-compilation-vol-5\\\/#breadcrumb\",\"itemListElement\":[{\"@type\":\"ListItem\",\"position\":1,\"name\":\"SMOKE AND SPOTLIGHT Compilations\",\"item\":\"https:\\\/\\\/www.death-rock.de\\\/smoke-and-spotlight-compilations\\\/\"},{\"@type\":\"ListItem\",\"position\":2,\"name\":\"SMOKE AND SPOTLIGHT Compilation Vol. 5\"}]},{\"@type\":\"WebSite\",\"@id\":\"https:\\\/\\\/www.death-rock.de\\\/#website\",\"url\":\"https:\\\/\\\/www.death-rock.de\\\/\",\"name\":\"death-rock.de\",\"description\":\"DJ Cyberpagan\",\"publisher\":{\"@id\":\"https:\\\/\\\/www.death-rock.de\\\/#\\\/schema\\\/person\\\/fe673240903035f4f43d178d971ed23e\"},\"potentialAction\":[{\"@type\":\"SearchAction\",\"target\":{\"@type\":\"EntryPoint\",\"urlTemplate\":\"https:\\\/\\\/www.death-rock.de\\\/?s={search_term_string}\"},\"query-input\":{\"@type\":\"PropertyValueSpecification\",\"valueRequired\":true,\"valueName\":\"search_term_string\"}}],\"inLanguage\":\"en-GB\"},{\"@type\":[\"Person\",\"Organization\"],\"@id\":\"https:\\\/\\\/www.death-rock.de\\\/#\\\/schema\\\/person\\\/fe673240903035f4f43d178d971ed23e\",\"name\":\"Cyberpagan\",\"image\":{\"@type\":\"ImageObject\",\"inLanguage\":\"en-GB\",\"@id\":\"https:\\\/\\\/www.death-rock.de\\\/wp-content\\\/uploads\\\/2022\\\/04\\\/cyberpagan2021.jpg\",\"url\":\"https:\\\/\\\/www.death-rock.de\\\/wp-content\\\/uploads\\\/2022\\\/04\\\/cyberpagan2021.jpg\",\"contentUrl\":\"https:\\\/\\\/www.death-rock.de\\\/wp-content\\\/uploads\\\/2022\\\/04\\\/cyberpagan2021.jpg\",\"width\":350,\"height\":350,\"caption\":\"Cyberpagan\"},\"logo\":{\"@id\":\"https:\\\/\\\/www.death-rock.de\\\/wp-content\\\/uploads\\\/2022\\\/04\\\/cyberpagan2021.jpg\"},\"sameAs\":[\"https:\\\/\\\/www.death-rock.de\\\/\",\"https:\\\/\\\/www.facebook.com\\\/dj.cyberpagan\\\/\",\"https:\\\/\\\/www.instagram.com\\\/dj_cyberpagan\\\/\",\"https:\\\/\\\/www.youtube.com\\\/@Cyberpagan\"]}]}<\/script>\n<!-- \/ Yoast SEO plugin. -->","yoast_head_json":{"title":"SMOKE AND SPOTLIGHT Compilation Vol. 5","description":"SMOKE AND SPOTLIGHT Compilation Vol. 5 - Inhalt, Bandlinks und Informationen","robots":{"index":"index","follow":"follow","max-snippet":"max-snippet:-1","max-image-preview":"max-image-preview:large","max-video-preview":"max-video-preview:-1"},"canonical":"https:\/\/www.death-rock.de\/smoke-and-spotlight-compilations\/smoke-and-spotlight-compilation-vol-5\/","twitter_misc":{"Estimated reading time":"1 minute"},"schema":{"@context":"https:\/\/schema.org","@graph":[{"@type":"WebPage","@id":"https:\/\/www.death-rock.de\/smoke-and-spotlight-compilations\/smoke-and-spotlight-compilation-vol-5\/","url":"https:\/\/www.death-rock.de\/smoke-and-spotlight-compilations\/smoke-and-spotlight-compilation-vol-5\/","name":"SMOKE AND SPOTLIGHT Compilation Vol. 5","isPartOf":{"@id":"https:\/\/www.death-rock.de\/#website"},"primaryImageOfPage":{"@id":"https:\/\/www.death-rock.de\/smoke-and-spotlight-compilations\/smoke-and-spotlight-compilation-vol-5\/#primaryimage"},"image":{"@id":"https:\/\/www.death-rock.de\/smoke-and-spotlight-compilations\/smoke-and-spotlight-compilation-vol-5\/#primaryimage"},"thumbnailUrl":"http:\/\/www.death-rock.de\/wp-content\/uploads\/2011\/02\/sas5web.jpg","datePublished":"2011-02-10T12:48:49+00:00","dateModified":"2015-02-28T12:57:52+00:00","description":"SMOKE AND SPOTLIGHT Compilation Vol. 5 - Inhalt, Bandlinks und Informationen","breadcrumb":{"@id":"https:\/\/www.death-rock.de\/smoke-and-spotlight-compilations\/smoke-and-spotlight-compilation-vol-5\/#breadcrumb"},"inLanguage":"en-GB","potentialAction":[{"@type":"ReadAction","target":["https:\/\/www.death-rock.de\/smoke-and-spotlight-compilations\/smoke-and-spotlight-compilation-vol-5\/"]}]},{"@type":"ImageObject","inLanguage":"en-GB","@id":"https:\/\/www.death-rock.de\/smoke-and-spotlight-compilations\/smoke-and-spotlight-compilation-vol-5\/#primaryimage","url":"http:\/\/www.death-rock.de\/wp-content\/uploads\/2011\/02\/sas5web.jpg","contentUrl":"http:\/\/www.death-rock.de\/wp-content\/uploads\/2011\/02\/sas5web.jpg"},{"@type":"BreadcrumbList","@id":"https:\/\/www.death-rock.de\/smoke-and-spotlight-compilations\/smoke-and-spotlight-compilation-vol-5\/#breadcrumb","itemListElement":[{"@type":"ListItem","position":1,"name":"SMOKE AND SPOTLIGHT Compilations","item":"https:\/\/www.death-rock.de\/smoke-and-spotlight-compilations\/"},{"@type":"ListItem","position":2,"name":"SMOKE AND SPOTLIGHT Compilation Vol. 5"}]},{"@type":"WebSite","@id":"https:\/\/www.death-rock.de\/#website","url":"https:\/\/www.death-rock.de\/","name":"death-rock.de","description":"DJ Cyberpagan","publisher":{"@id":"https:\/\/www.death-rock.de\/#\/schema\/person\/fe673240903035f4f43d178d971ed23e"},"potentialAction":[{"@type":"SearchAction","target":{"@type":"EntryPoint","urlTemplate":"https:\/\/www.death-rock.de\/?s={search_term_string}"},"query-input":{"@type":"PropertyValueSpecification","valueRequired":true,"valueName":"search_term_string"}}],"inLanguage":"en-GB"},{"@type":["Person","Organization"],"@id":"https:\/\/www.death-rock.de\/#\/schema\/person\/fe673240903035f4f43d178d971ed23e","name":"Cyberpagan","image":{"@type":"ImageObject","inLanguage":"en-GB","@id":"https:\/\/www.death-rock.de\/wp-content\/uploads\/2022\/04\/cyberpagan2021.jpg","url":"https:\/\/www.death-rock.de\/wp-content\/uploads\/2022\/04\/cyberpagan2021.jpg","contentUrl":"https:\/\/www.death-rock.de\/wp-content\/uploads\/2022\/04\/cyberpagan2021.jpg","width":350,"height":350,"caption":"Cyberpagan"},"logo":{"@id":"https:\/\/www.death-rock.de\/wp-content\/uploads\/2022\/04\/cyberpagan2021.jpg"},"sameAs":["https:\/\/www.death-rock.de\/","https:\/\/www.facebook.com\/dj.cyberpagan\/","https:\/\/www.instagram.com\/dj_cyberpagan\/","https:\/\/www.youtube.com\/@Cyberpagan"]}]}},"_links":{"self":[{"href":"https:\/\/www.death-rock.de\/en\/wp-json\/wp\/v2\/pages\/415","targetHints":{"allow":["GET"]}}],"collection":[{"href":"https:\/\/www.death-rock.de\/en\/wp-json\/wp\/v2\/pages"}],"about":[{"href":"https:\/\/www.death-rock.de\/en\/wp-json\/wp\/v2\/types\/page"}],"author":[{"embeddable":true,"href":"https:\/\/www.death-rock.de\/en\/wp-json\/wp\/v2\/users\/1"}],"replies":[{"embeddable":true,"href":"https:\/\/www.death-rock.de\/en\/wp-json\/wp\/v2\/comments?post=415"}],"version-history":[{"count":6,"href":"https:\/\/www.death-rock.de\/en\/wp-json\/wp\/v2\/pages\/415\/revisions"}],"predecessor-version":[{"id":2254,"href":"https:\/\/www.death-rock.de\/en\/wp-json\/wp\/v2\/pages\/415\/revisions\/2254"}],"up":[{"embeddable":true,"href":"https:\/\/www.death-rock.de\/en\/wp-json\/wp\/v2\/pages\/24"}],"wp:attachment":[{"href":"https:\/\/www.death-rock.de\/en\/wp-json\/wp\/v2\/media?parent=415"}],"curies":[{"name":"wp","href":"https:\/\/api.w.org\/{rel}","templated":true}]}}