{"id":411,"date":"2011-02-10T13:34:27","date_gmt":"2011-02-10T12:34:27","guid":{"rendered":"http:\/\/www.death-rock.de\/"},"modified":"2015-02-28T14:57:52","modified_gmt":"2015-02-28T12:57:52","slug":"smoke-and-spotlight-compilation-vol-4","status":"publish","type":"page","link":"https:\/\/www.death-rock.de\/en\/smoke-and-spotlight-compilations\/smoke-and-spotlight-compilation-vol-4\/","title":{"rendered":"SMOKE AND SPOTLIGHT Compilation Vol. 4"},"content":{"rendered":"<p>Die <strong>death-rock.de CD-Compilation<\/strong> geht in die Runde vier:<\/p>\n<p>Auch <strong>Smoke And Spotlight Vol. 4<\/strong> bietet wieder eine randvolle CD voller Tracks von bekannten und (noch) unbekannten Bands zum kleinen Preis. Die CD wird f\u00fcr nur 6,- Euro verkauft und die gesamten Erl\u00f6se werden f\u00fcr Veranstaltungen von death-rock.de verwendet.<\/p>\n<p style=\"text-align: center;\"><img loading=\"lazy\" decoding=\"async\" class=\"size-full wp-image-412 aligncenter\" title=\"Smoke and Spotlight Vol. 4\" src=\"http:\/\/www.death-rock.de\/wp-content\/uploads\/2011\/02\/sas4web.jpg\" alt=\"Smoke and Spotlight Vol. 4\" width=\"400\" height=\"345\" srcset=\"https:\/\/www.death-rock.de\/wp-content\/uploads\/2011\/02\/sas4web.jpg 400w, https:\/\/www.death-rock.de\/wp-content\/uploads\/2011\/02\/sas4web-300x259.jpg 300w\" sizes=\"auto, (max-width: 400px) 100vw, 400px\" \/><\/p>\n<p><strong>TRACKLISTING:<\/strong><\/p>\n<ol>\n<li>\u202013th MOON\u2020 (JAP) &#8211; Grave Dance &#8211; <a href=\"http:\/\/www.myspace.com\/x13thmoonx\" target=\"_blank\">WEBSITE<\/a><\/li>\n<li>GRAVEYARD SOUL (A) &#8211; Stereo L\u00e4rm &#8211; <a href=\"http:\/\/www.myspace.com\/graveyardsouls\" target=\"_blank\">WEBSITE<\/a><\/li>\n<li>BERNAYS PROPAGANDA (MK) &#8211; Se Ke Se Raspadne &#8211; <a href=\"http:\/\/www.myspace.com\/bernayspropaganda\" target=\"_blank\">WEBSITE<\/a><\/li>\n<li>TCHIKI BOUM (F) &#8211; Kiss My Ass &#8211; <a href=\"http:\/\/www.myspace.com\/tchikiboumband\" target=\"_blank\">WEBSITE<\/a><\/li>\n<li>MONOPHONE STRUKTUR (D) &#8211; Eins Zwei Drei Ganz Viele &#8211; <a href=\"http:\/\/www.myspace.com\/monophonestruktur\" target=\"_blank\">WEBSITE<\/a><\/li>\n<li>HATESTORY (PL) &#8211; Hate Story &#8211; <a href=\"http:\/\/www.myspace.com\/hatestory\" target=\"_blank\">WEBSITE<\/a><\/li>\n<li>SCHADENFREUDE (AUS) &#8211; Vertigo &#8211; <a href=\"http:\/\/www.myspace.com\/schadenfreudeband\" target=\"_blank\">WEBSITE<\/a><\/li>\n<li>QUIDAM (E) &#8211; Fixed Her Head into a Wall &#8211; <a href=\"http:\/\/www.myspace.com\/quidam\" target=\"_blank\">WEBSITE<\/a><\/li>\n<li>CASTRATI. (F) &#8211; Operating Table &#8211; <a href=\"http:\/\/www.myspace.com\/castratimusic\" target=\"_blank\">WEBSITE<\/a><\/li>\n<li>THE FORCED OSCILLATIONS (RUS) &#8211; December &#8211; <a href=\"http:\/\/www.myspace.com\/theforcedoscillations\" target=\"_blank\">WEBSITE<\/a><\/li>\n<li>ESCARLATINA OBSESSIVA (BR) &#8211; Trans Siberian Railroad Thief &#8211; <a href=\"http:\/\/www.myspace.com\/escarlatinaobsessiva\" target=\"_blank\">WEBSITE<\/a><\/li>\n<li>THE HIRAM KEY (UK) &#8211; Suzzana in the Street &#8211; <a href=\"http:\/\/www.myspace.com\/thehiramkey\" target=\"_blank\">WEBSITE<\/a><\/li>\n<li>ZOMBIE ZEX (S) &#8211; Fi Fa Fo Fum &#8211; <a href=\"http:\/\/www.myspace.com\/zombiezexsthlm\" target=\"_blank\">WEBSITE<\/a><\/li>\n<li>THE CEMETARY GIRLZ (F) &#8211; Reflection &#8211; <a href=\"http:\/\/www.myspace.com\/thecemetarygirlz\" target=\"_blank\">WEBSITE<\/a><\/li>\n<li>THE KNUTZ (BR) &#8211; Ghost Dance Party &#8211; <a href=\"http:\/\/www.myspace.com\/theknutz\" target=\"_blank\">WEBSITE<\/a><\/li>\n<li>THE SPIRITUAL BAT (I) &#8211; Through the Shadows &#8211; <a href=\"http:\/\/www.myspace.com\/thespiritualbat\" target=\"_blank\">WEBSITE<\/a><\/li>\n<li>LOVE&#8217;S LABOUR&#8217;S LOST (D) &#8211; Whispering &#8211; <a href=\"http:\/\/www.myspace.com\/theloveslabourslost\" target=\"_blank\">WEBSITE<\/a><\/li>\n<li>DARLINGS&#8217; CABINET OF SUNDRY HORROR (USA) &#8211; Devils! Prophets! Blind Men! Ghosts! &#8211; <a href=\"http:\/\/www.myspace.com\/darlingscabinetofsundryhorror\" target=\"_blank\">WEBSITE<\/a><\/li>\n<li>(TELEGRAM FRANK) VOLLMANN (D\/USA) &#8211; In Jail &#8211; <a href=\"http:\/\/www.myspace.com\/telegramfrank\" target=\"_blank\">WEBSITE<\/a><\/li>\n<li>SHADE OF SHAMBLES (D) &#8211; Mein Feind &#8211; <a href=\"http:\/\/www.myspace.com\/shadeofshambles\" target=\"_blank\">WEBSITE<\/a><\/li>\n<\/ol>\n<h2><a title=\"SMOKE AND SPOTLIGHT Compilation Vol. 4\" href=\"https:\/\/smokeandspotlightcompilations.bandcamp.com\/album\/smoke-and-spotlight-compilation-vol-4\" target=\"_blank\">Digitaldownload auf Bandcamp.com<\/a><\/h2>\n<p>&#8220;Name Your Price&#8221; &#8211; ab 2,- \u20ac!<\/p>\n","protected":false},"excerpt":{"rendered":"<p>Die death-rock.de CD-Compilation geht in die Runde vier: Auch Smoke And Spotlight Vol. 4 bietet wieder eine randvolle CD voller Tracks von bekannten und (noch) unbekannten Bands zum kleinen Preis. Die CD wird f\u00fcr nur 6,- Euro verkauft und die gesamten Erl\u00f6se werden f\u00fcr Veranstaltungen von death-rock.de verwendet. TRACKLISTING: \u202013th MOON\u2020 (JAP) &#8211; Grave Dance [&hellip;]<\/p>\n","protected":false},"author":1,"featured_media":0,"parent":24,"menu_order":4,"comment_status":"closed","ping_status":"open","template":"","meta":{"footnotes":""},"class_list":["post-411","page","type-page","status-publish","hentry"],"yoast_head":"<!-- This site is optimized with the Yoast SEO plugin v27.4 - https:\/\/yoast.com\/product\/yoast-seo-wordpress\/ -->\n<title>SMOKE AND SPOTLIGHT Compilation Vol. 4<\/title>\n<meta name=\"description\" content=\"SMOKE AND SPOTLIGHT Compilation Vol. 4 - Inhalt, Bandlinks und Informationen\" \/>\n<meta name=\"robots\" content=\"index, follow, max-snippet:-1, max-image-preview:large, max-video-preview:-1\" \/>\n<link rel=\"canonical\" href=\"https:\/\/www.death-rock.de\/smoke-and-spotlight-compilations\/smoke-and-spotlight-compilation-vol-4\/\" \/>\n<meta name=\"twitter:label1\" content=\"Estimated reading time\" \/>\n\t<meta name=\"twitter:data1\" content=\"1 minute\" \/>\n<script type=\"application\/ld+json\" class=\"yoast-schema-graph\">{\"@context\":\"https:\\\/\\\/schema.org\",\"@graph\":[{\"@type\":\"WebPage\",\"@id\":\"https:\\\/\\\/www.death-rock.de\\\/smoke-and-spotlight-compilations\\\/smoke-and-spotlight-compilation-vol-4\\\/\",\"url\":\"https:\\\/\\\/www.death-rock.de\\\/smoke-and-spotlight-compilations\\\/smoke-and-spotlight-compilation-vol-4\\\/\",\"name\":\"SMOKE AND SPOTLIGHT Compilation Vol. 4\",\"isPartOf\":{\"@id\":\"https:\\\/\\\/www.death-rock.de\\\/#website\"},\"primaryImageOfPage\":{\"@id\":\"https:\\\/\\\/www.death-rock.de\\\/smoke-and-spotlight-compilations\\\/smoke-and-spotlight-compilation-vol-4\\\/#primaryimage\"},\"image\":{\"@id\":\"https:\\\/\\\/www.death-rock.de\\\/smoke-and-spotlight-compilations\\\/smoke-and-spotlight-compilation-vol-4\\\/#primaryimage\"},\"thumbnailUrl\":\"http:\\\/\\\/www.death-rock.de\\\/wp-content\\\/uploads\\\/2011\\\/02\\\/sas4web.jpg\",\"datePublished\":\"2011-02-10T12:34:27+00:00\",\"dateModified\":\"2015-02-28T12:57:52+00:00\",\"description\":\"SMOKE AND SPOTLIGHT Compilation Vol. 4 - Inhalt, Bandlinks und Informationen\",\"breadcrumb\":{\"@id\":\"https:\\\/\\\/www.death-rock.de\\\/smoke-and-spotlight-compilations\\\/smoke-and-spotlight-compilation-vol-4\\\/#breadcrumb\"},\"inLanguage\":\"en-GB\",\"potentialAction\":[{\"@type\":\"ReadAction\",\"target\":[\"https:\\\/\\\/www.death-rock.de\\\/smoke-and-spotlight-compilations\\\/smoke-and-spotlight-compilation-vol-4\\\/\"]}]},{\"@type\":\"ImageObject\",\"inLanguage\":\"en-GB\",\"@id\":\"https:\\\/\\\/www.death-rock.de\\\/smoke-and-spotlight-compilations\\\/smoke-and-spotlight-compilation-vol-4\\\/#primaryimage\",\"url\":\"http:\\\/\\\/www.death-rock.de\\\/wp-content\\\/uploads\\\/2011\\\/02\\\/sas4web.jpg\",\"contentUrl\":\"http:\\\/\\\/www.death-rock.de\\\/wp-content\\\/uploads\\\/2011\\\/02\\\/sas4web.jpg\"},{\"@type\":\"BreadcrumbList\",\"@id\":\"https:\\\/\\\/www.death-rock.de\\\/smoke-and-spotlight-compilations\\\/smoke-and-spotlight-compilation-vol-4\\\/#breadcrumb\",\"itemListElement\":[{\"@type\":\"ListItem\",\"position\":1,\"name\":\"SMOKE AND SPOTLIGHT Compilations\",\"item\":\"https:\\\/\\\/www.death-rock.de\\\/smoke-and-spotlight-compilations\\\/\"},{\"@type\":\"ListItem\",\"position\":2,\"name\":\"SMOKE AND SPOTLIGHT Compilation Vol. 4\"}]},{\"@type\":\"WebSite\",\"@id\":\"https:\\\/\\\/www.death-rock.de\\\/#website\",\"url\":\"https:\\\/\\\/www.death-rock.de\\\/\",\"name\":\"death-rock.de\",\"description\":\"DJ Cyberpagan\",\"publisher\":{\"@id\":\"https:\\\/\\\/www.death-rock.de\\\/#\\\/schema\\\/person\\\/fe673240903035f4f43d178d971ed23e\"},\"potentialAction\":[{\"@type\":\"SearchAction\",\"target\":{\"@type\":\"EntryPoint\",\"urlTemplate\":\"https:\\\/\\\/www.death-rock.de\\\/?s={search_term_string}\"},\"query-input\":{\"@type\":\"PropertyValueSpecification\",\"valueRequired\":true,\"valueName\":\"search_term_string\"}}],\"inLanguage\":\"en-GB\"},{\"@type\":[\"Person\",\"Organization\"],\"@id\":\"https:\\\/\\\/www.death-rock.de\\\/#\\\/schema\\\/person\\\/fe673240903035f4f43d178d971ed23e\",\"name\":\"Cyberpagan\",\"image\":{\"@type\":\"ImageObject\",\"inLanguage\":\"en-GB\",\"@id\":\"https:\\\/\\\/www.death-rock.de\\\/wp-content\\\/uploads\\\/2022\\\/04\\\/cyberpagan2021.jpg\",\"url\":\"https:\\\/\\\/www.death-rock.de\\\/wp-content\\\/uploads\\\/2022\\\/04\\\/cyberpagan2021.jpg\",\"contentUrl\":\"https:\\\/\\\/www.death-rock.de\\\/wp-content\\\/uploads\\\/2022\\\/04\\\/cyberpagan2021.jpg\",\"width\":350,\"height\":350,\"caption\":\"Cyberpagan\"},\"logo\":{\"@id\":\"https:\\\/\\\/www.death-rock.de\\\/wp-content\\\/uploads\\\/2022\\\/04\\\/cyberpagan2021.jpg\"},\"sameAs\":[\"https:\\\/\\\/www.death-rock.de\\\/\",\"https:\\\/\\\/www.facebook.com\\\/dj.cyberpagan\\\/\",\"https:\\\/\\\/www.instagram.com\\\/dj_cyberpagan\\\/\",\"https:\\\/\\\/www.youtube.com\\\/@Cyberpagan\"]}]}<\/script>\n<!-- \/ Yoast SEO plugin. -->","yoast_head_json":{"title":"SMOKE AND SPOTLIGHT Compilation Vol. 4","description":"SMOKE AND SPOTLIGHT Compilation Vol. 4 - Inhalt, Bandlinks und Informationen","robots":{"index":"index","follow":"follow","max-snippet":"max-snippet:-1","max-image-preview":"max-image-preview:large","max-video-preview":"max-video-preview:-1"},"canonical":"https:\/\/www.death-rock.de\/smoke-and-spotlight-compilations\/smoke-and-spotlight-compilation-vol-4\/","twitter_misc":{"Estimated reading time":"1 minute"},"schema":{"@context":"https:\/\/schema.org","@graph":[{"@type":"WebPage","@id":"https:\/\/www.death-rock.de\/smoke-and-spotlight-compilations\/smoke-and-spotlight-compilation-vol-4\/","url":"https:\/\/www.death-rock.de\/smoke-and-spotlight-compilations\/smoke-and-spotlight-compilation-vol-4\/","name":"SMOKE AND SPOTLIGHT Compilation Vol. 4","isPartOf":{"@id":"https:\/\/www.death-rock.de\/#website"},"primaryImageOfPage":{"@id":"https:\/\/www.death-rock.de\/smoke-and-spotlight-compilations\/smoke-and-spotlight-compilation-vol-4\/#primaryimage"},"image":{"@id":"https:\/\/www.death-rock.de\/smoke-and-spotlight-compilations\/smoke-and-spotlight-compilation-vol-4\/#primaryimage"},"thumbnailUrl":"http:\/\/www.death-rock.de\/wp-content\/uploads\/2011\/02\/sas4web.jpg","datePublished":"2011-02-10T12:34:27+00:00","dateModified":"2015-02-28T12:57:52+00:00","description":"SMOKE AND SPOTLIGHT Compilation Vol. 4 - Inhalt, Bandlinks und Informationen","breadcrumb":{"@id":"https:\/\/www.death-rock.de\/smoke-and-spotlight-compilations\/smoke-and-spotlight-compilation-vol-4\/#breadcrumb"},"inLanguage":"en-GB","potentialAction":[{"@type":"ReadAction","target":["https:\/\/www.death-rock.de\/smoke-and-spotlight-compilations\/smoke-and-spotlight-compilation-vol-4\/"]}]},{"@type":"ImageObject","inLanguage":"en-GB","@id":"https:\/\/www.death-rock.de\/smoke-and-spotlight-compilations\/smoke-and-spotlight-compilation-vol-4\/#primaryimage","url":"http:\/\/www.death-rock.de\/wp-content\/uploads\/2011\/02\/sas4web.jpg","contentUrl":"http:\/\/www.death-rock.de\/wp-content\/uploads\/2011\/02\/sas4web.jpg"},{"@type":"BreadcrumbList","@id":"https:\/\/www.death-rock.de\/smoke-and-spotlight-compilations\/smoke-and-spotlight-compilation-vol-4\/#breadcrumb","itemListElement":[{"@type":"ListItem","position":1,"name":"SMOKE AND SPOTLIGHT Compilations","item":"https:\/\/www.death-rock.de\/smoke-and-spotlight-compilations\/"},{"@type":"ListItem","position":2,"name":"SMOKE AND SPOTLIGHT Compilation Vol. 4"}]},{"@type":"WebSite","@id":"https:\/\/www.death-rock.de\/#website","url":"https:\/\/www.death-rock.de\/","name":"death-rock.de","description":"DJ Cyberpagan","publisher":{"@id":"https:\/\/www.death-rock.de\/#\/schema\/person\/fe673240903035f4f43d178d971ed23e"},"potentialAction":[{"@type":"SearchAction","target":{"@type":"EntryPoint","urlTemplate":"https:\/\/www.death-rock.de\/?s={search_term_string}"},"query-input":{"@type":"PropertyValueSpecification","valueRequired":true,"valueName":"search_term_string"}}],"inLanguage":"en-GB"},{"@type":["Person","Organization"],"@id":"https:\/\/www.death-rock.de\/#\/schema\/person\/fe673240903035f4f43d178d971ed23e","name":"Cyberpagan","image":{"@type":"ImageObject","inLanguage":"en-GB","@id":"https:\/\/www.death-rock.de\/wp-content\/uploads\/2022\/04\/cyberpagan2021.jpg","url":"https:\/\/www.death-rock.de\/wp-content\/uploads\/2022\/04\/cyberpagan2021.jpg","contentUrl":"https:\/\/www.death-rock.de\/wp-content\/uploads\/2022\/04\/cyberpagan2021.jpg","width":350,"height":350,"caption":"Cyberpagan"},"logo":{"@id":"https:\/\/www.death-rock.de\/wp-content\/uploads\/2022\/04\/cyberpagan2021.jpg"},"sameAs":["https:\/\/www.death-rock.de\/","https:\/\/www.facebook.com\/dj.cyberpagan\/","https:\/\/www.instagram.com\/dj_cyberpagan\/","https:\/\/www.youtube.com\/@Cyberpagan"]}]}},"_links":{"self":[{"href":"https:\/\/www.death-rock.de\/en\/wp-json\/wp\/v2\/pages\/411","targetHints":{"allow":["GET"]}}],"collection":[{"href":"https:\/\/www.death-rock.de\/en\/wp-json\/wp\/v2\/pages"}],"about":[{"href":"https:\/\/www.death-rock.de\/en\/wp-json\/wp\/v2\/types\/page"}],"author":[{"embeddable":true,"href":"https:\/\/www.death-rock.de\/en\/wp-json\/wp\/v2\/users\/1"}],"replies":[{"embeddable":true,"href":"https:\/\/www.death-rock.de\/en\/wp-json\/wp\/v2\/comments?post=411"}],"version-history":[{"count":4,"href":"https:\/\/www.death-rock.de\/en\/wp-json\/wp\/v2\/pages\/411\/revisions"}],"predecessor-version":[{"id":2257,"href":"https:\/\/www.death-rock.de\/en\/wp-json\/wp\/v2\/pages\/411\/revisions\/2257"}],"up":[{"embeddable":true,"href":"https:\/\/www.death-rock.de\/en\/wp-json\/wp\/v2\/pages\/24"}],"wp:attachment":[{"href":"https:\/\/www.death-rock.de\/en\/wp-json\/wp\/v2\/media?parent=411"}],"curies":[{"name":"wp","href":"https:\/\/api.w.org\/{rel}","templated":true}]}}