{"id":406,"date":"2011-02-10T13:26:59","date_gmt":"2011-02-10T12:26:59","guid":{"rendered":"http:\/\/www.death-rock.de\/"},"modified":"2015-02-28T14:57:52","modified_gmt":"2015-02-28T12:57:52","slug":"smoke-and-spotlight-compilation-vol-3","status":"publish","type":"page","link":"https:\/\/www.death-rock.de\/en\/smoke-and-spotlight-compilations\/smoke-and-spotlight-compilation-vol-3\/","title":{"rendered":"SMOKE AND SPOTLIGHT Compilation Vol. 3"},"content":{"rendered":"<p>Die <strong>death-rock.de CD-Compilation<\/strong> geht in die dritte Runde:<\/p>\n<p>Auch <strong>Smoke And Spotlight Vol. 3<\/strong> bietet wieder eine randvolle CD voller Tracks von bekannten und (noch) unbekannten Bands zum kleinen Preis. Die CDwird f\u00fcr nur 6,- Euro verkauft und die gesamten Erl\u00f6se werden f\u00fcr Veranstaltungen von death-rock.de verwendet.<\/p>\n<p><img loading=\"lazy\" decoding=\"async\" class=\"aligncenter size-full wp-image-408\" title=\"Smoke and Spotlight Vol. 3\" src=\"http:\/\/www.death-rock.de\/wp-content\/uploads\/2011\/02\/sas3web.jpg\" alt=\"Smoke and Spotlight Vol. 3\" width=\"400\" height=\"345\" srcset=\"https:\/\/www.death-rock.de\/wp-content\/uploads\/2011\/02\/sas3web.jpg 400w, https:\/\/www.death-rock.de\/wp-content\/uploads\/2011\/02\/sas3web-300x259.jpg 300w\" sizes=\"auto, (max-width: 400px) 100vw, 400px\" \/><\/p>\n<p><strong>TRACKLISTING:<\/strong><\/p>\n<ol>\n<li>CYTERES (MEX) &#8211; Mortal de Cyteres &#8211; <a href=\"http:\/\/www.myspace.com\/cytheres\" target=\"_blank\">WEBSITE<\/a><\/li>\n<li>DORCEL (F) &#8211; Black Human Cells &#8211; <a href=\"http:\/\/www.myspace.com\/dorcel\" target=\"_blank\">WEBSITE<\/a><\/li>\n<li>COCKATOO (CAN) &#8211; Otto&#8217;s Song &#8211; <a href=\"http:\/\/www.myspace.com\/cockatoomusic\" target=\"_blank\">WEBSITE<\/a><\/li>\n<li>DR. ARTHUR KRAUSE (S) &#8211; The Lake &#8211; <a href=\"http:\/\/www.myspace.com\/drarthurkrause\" target=\"_blank\">WEBSITE<\/a><\/li>\n<li>TWISTED NERVE (UK) &#8211; Twisted Nervosis (2007 Remix) &#8211; <a href=\"http:\/\/www.myspace.com\/twistednervosis\" target=\"_blank\">WEBSITE<\/a><\/li>\n<li>OTHER VOICES (I) &#8211; &#8230;But a Chill Runs Along Your Spine&#8230; &#8211; <a href=\"http:\/\/www.myspace.com\/theothervoices\" target=\"_blank\">WEBSITE<\/a><\/li>\n<li>GARLANDS (CZ) &#8211; Predjari &#8211; <a href=\"http:\/\/www.myspace.com\/garlandsband\" target=\"_blank\">WEBSITE<\/a><\/li>\n<li>DISKOTEKET (S) &#8211; K\u00e4rlek och Sk\u00f6nhet &#8211; <a href=\"http:\/\/www.myspace.com\/diskoteket\" target=\"_blank\">WEBSITE<\/a><\/li>\n<li>AVANT-GARDE (I) &#8211; Inerme e Lontano &#8211; <a href=\"http:\/\/www.myspace.com\/avantgarde1994\" target=\"_blank\">WEBSITE<\/a><\/li>\n<li>C&#8217;EST LA MORT (USA) &#8211; No Time to Say Goodbye &#8211; <a href=\"http:\/\/www.myspace.com\/cestlamort\" target=\"_blank\">WEBSITE<\/a><\/li>\n<li>NICEVILLE (UK) &#8211; The Endless Cigarette &#8211; <a href=\"http:\/\/www.myspace.com\/niceville2\" target=\"_blank\">WEBSITE<\/a><\/li>\n<li>DADA DUMDUMS (D) &#8211; Hourglass Land &#8211; <a href=\"http:\/\/www.myspace.com\/dadadumdums\" target=\"_blank\">WEBSITE<\/a><\/li>\n<li>VARSOVIE (F) &#8211; Varsovie &#8211; <a href=\"http:\/\/www.myspace.com\/varsovie\" target=\"_blank\">WEBSITE<\/a><\/li>\n<li>HYPOCRISY INSANE (D) &#8211; Save my Life &#8211; <a href=\"http:\/\/www.myspace.com\/hypocrisyinsane\" target=\"_blank\">WEBSITE<\/a><\/li>\n<li>HYSTERIC HELEN (SK) &#8211; Kiss Me Piss Me (Electric Provocation Mix) &#8211; <a href=\"http:\/\/www.myspace.com\/hysterichelen\" target=\"_blank\">WEBSITE<\/a><\/li>\n<li>SQUISHY SQUID (A) &#8211; Bonjour Tristesse &#8211; <a href=\"http:\/\/www.myspace.com\/squishysquidband\" target=\"_blank\">WEBSITE<\/a><\/li>\n<li>DIN GLORIOUS (USA) &#8211; I Drive Dinosaurs &#8211; <a href=\"http:\/\/www.myspace.com\/dinglorious\" target=\"_blank\">WEBSITE<\/a><\/li>\n<li>LA PESTE NEGRA (E) &#8211; Scarlet Woman Bleeding in My Mouth &#8211; <a href=\"http:\/\/www.myspace.com\/lapestenegra\" target=\"_blank\">WEBSITE<\/a><\/li>\n<li>THE DAUGHTERS OF BRISTOL (USA) &#8211; My Fellow Man &#8211; <a href=\"http:\/\/www.myspace.com\/thedaughtersofbristol\" target=\"_blank\">WEBSITE<\/a><\/li>\n<li>PLASTIQUE NOIR (BR) &#8211; Inconstancy &#8211; <a href=\"http:\/\/www.myspace.com\/plastiquenoir\" target=\"_blank\">WEBSITE<\/a><\/li>\n<li>THEY FADE IN SILENCE (D) &#8211; Heartache &#8211; <a href=\"http:\/\/www.myspace.com\/theyfadeinsilence\" target=\"_blank\">WEBSITE<\/a><\/li>\n<\/ol>\n<h2><a title=\"SMOKE AND SPOTLIGHT Compilation Vol. 3\" href=\"https:\/\/smokeandspotlightcompilations.bandcamp.com\/album\/smoke-and-spotlight-compilation-vol-3\" target=\"_blank\">Digitaldownload auf Bandcamp.com<\/a><\/h2>\n<p>&#8220;Name Your Price&#8221; &#8211; ab 0,- \u20ac!<\/p>\n","protected":false},"excerpt":{"rendered":"<p>Die death-rock.de CD-Compilation geht in die dritte Runde: Auch Smoke And Spotlight Vol. 3 bietet wieder eine randvolle CD voller Tracks von bekannten und (noch) unbekannten Bands zum kleinen Preis. Die CDwird f\u00fcr nur 6,- Euro verkauft und die gesamten Erl\u00f6se werden f\u00fcr Veranstaltungen von death-rock.de verwendet. TRACKLISTING: CYTERES (MEX) &#8211; Mortal de Cyteres &#8211; [&hellip;]<\/p>\n","protected":false},"author":1,"featured_media":0,"parent":24,"menu_order":3,"comment_status":"closed","ping_status":"open","template":"","meta":{"footnotes":""},"class_list":["post-406","page","type-page","status-publish","hentry"],"yoast_head":"<!-- This site is optimized with the Yoast SEO plugin v27.5 - https:\/\/yoast.com\/product\/yoast-seo-wordpress\/ -->\n<title>SMOKE AND SPOTLIGHT Compilation Vol. 3<\/title>\n<meta name=\"description\" content=\"SMOKE AND SPOTLIGHT Compilation Vol. 3 - Inhalt, Bandlinks und Informationen\" \/>\n<meta name=\"robots\" content=\"index, follow, max-snippet:-1, max-image-preview:large, max-video-preview:-1\" \/>\n<link rel=\"canonical\" href=\"https:\/\/www.death-rock.de\/smoke-and-spotlight-compilations\/smoke-and-spotlight-compilation-vol-3\/\" \/>\n<meta name=\"twitter:label1\" content=\"Estimated reading time\" \/>\n\t<meta name=\"twitter:data1\" content=\"1 minute\" \/>\n<script type=\"application\/ld+json\" class=\"yoast-schema-graph\">{\"@context\":\"https:\\\/\\\/schema.org\",\"@graph\":[{\"@type\":\"WebPage\",\"@id\":\"https:\\\/\\\/www.death-rock.de\\\/smoke-and-spotlight-compilations\\\/smoke-and-spotlight-compilation-vol-3\\\/\",\"url\":\"https:\\\/\\\/www.death-rock.de\\\/smoke-and-spotlight-compilations\\\/smoke-and-spotlight-compilation-vol-3\\\/\",\"name\":\"SMOKE AND SPOTLIGHT Compilation Vol. 3\",\"isPartOf\":{\"@id\":\"https:\\\/\\\/www.death-rock.de\\\/#website\"},\"primaryImageOfPage\":{\"@id\":\"https:\\\/\\\/www.death-rock.de\\\/smoke-and-spotlight-compilations\\\/smoke-and-spotlight-compilation-vol-3\\\/#primaryimage\"},\"image\":{\"@id\":\"https:\\\/\\\/www.death-rock.de\\\/smoke-and-spotlight-compilations\\\/smoke-and-spotlight-compilation-vol-3\\\/#primaryimage\"},\"thumbnailUrl\":\"http:\\\/\\\/www.death-rock.de\\\/wp-content\\\/uploads\\\/2011\\\/02\\\/sas3web.jpg\",\"datePublished\":\"2011-02-10T12:26:59+00:00\",\"dateModified\":\"2015-02-28T12:57:52+00:00\",\"description\":\"SMOKE AND SPOTLIGHT Compilation Vol. 3 - Inhalt, Bandlinks und Informationen\",\"breadcrumb\":{\"@id\":\"https:\\\/\\\/www.death-rock.de\\\/smoke-and-spotlight-compilations\\\/smoke-and-spotlight-compilation-vol-3\\\/#breadcrumb\"},\"inLanguage\":\"en-GB\",\"potentialAction\":[{\"@type\":\"ReadAction\",\"target\":[\"https:\\\/\\\/www.death-rock.de\\\/smoke-and-spotlight-compilations\\\/smoke-and-spotlight-compilation-vol-3\\\/\"]}]},{\"@type\":\"ImageObject\",\"inLanguage\":\"en-GB\",\"@id\":\"https:\\\/\\\/www.death-rock.de\\\/smoke-and-spotlight-compilations\\\/smoke-and-spotlight-compilation-vol-3\\\/#primaryimage\",\"url\":\"http:\\\/\\\/www.death-rock.de\\\/wp-content\\\/uploads\\\/2011\\\/02\\\/sas3web.jpg\",\"contentUrl\":\"http:\\\/\\\/www.death-rock.de\\\/wp-content\\\/uploads\\\/2011\\\/02\\\/sas3web.jpg\"},{\"@type\":\"BreadcrumbList\",\"@id\":\"https:\\\/\\\/www.death-rock.de\\\/smoke-and-spotlight-compilations\\\/smoke-and-spotlight-compilation-vol-3\\\/#breadcrumb\",\"itemListElement\":[{\"@type\":\"ListItem\",\"position\":1,\"name\":\"SMOKE AND SPOTLIGHT Compilations\",\"item\":\"https:\\\/\\\/www.death-rock.de\\\/smoke-and-spotlight-compilations\\\/\"},{\"@type\":\"ListItem\",\"position\":2,\"name\":\"SMOKE AND SPOTLIGHT Compilation Vol. 3\"}]},{\"@type\":\"WebSite\",\"@id\":\"https:\\\/\\\/www.death-rock.de\\\/#website\",\"url\":\"https:\\\/\\\/www.death-rock.de\\\/\",\"name\":\"death-rock.de\",\"description\":\"DJ Cyberpagan\",\"publisher\":{\"@id\":\"https:\\\/\\\/www.death-rock.de\\\/#\\\/schema\\\/person\\\/fe673240903035f4f43d178d971ed23e\"},\"potentialAction\":[{\"@type\":\"SearchAction\",\"target\":{\"@type\":\"EntryPoint\",\"urlTemplate\":\"https:\\\/\\\/www.death-rock.de\\\/?s={search_term_string}\"},\"query-input\":{\"@type\":\"PropertyValueSpecification\",\"valueRequired\":true,\"valueName\":\"search_term_string\"}}],\"inLanguage\":\"en-GB\"},{\"@type\":[\"Person\",\"Organization\"],\"@id\":\"https:\\\/\\\/www.death-rock.de\\\/#\\\/schema\\\/person\\\/fe673240903035f4f43d178d971ed23e\",\"name\":\"Cyberpagan\",\"image\":{\"@type\":\"ImageObject\",\"inLanguage\":\"en-GB\",\"@id\":\"https:\\\/\\\/www.death-rock.de\\\/wp-content\\\/uploads\\\/2022\\\/04\\\/cyberpagan2021.jpg\",\"url\":\"https:\\\/\\\/www.death-rock.de\\\/wp-content\\\/uploads\\\/2022\\\/04\\\/cyberpagan2021.jpg\",\"contentUrl\":\"https:\\\/\\\/www.death-rock.de\\\/wp-content\\\/uploads\\\/2022\\\/04\\\/cyberpagan2021.jpg\",\"width\":350,\"height\":350,\"caption\":\"Cyberpagan\"},\"logo\":{\"@id\":\"https:\\\/\\\/www.death-rock.de\\\/wp-content\\\/uploads\\\/2022\\\/04\\\/cyberpagan2021.jpg\"},\"sameAs\":[\"https:\\\/\\\/www.death-rock.de\\\/\",\"https:\\\/\\\/www.facebook.com\\\/dj.cyberpagan\\\/\",\"https:\\\/\\\/www.instagram.com\\\/dj_cyberpagan\\\/\",\"https:\\\/\\\/www.youtube.com\\\/@Cyberpagan\"]}]}<\/script>\n<!-- \/ Yoast SEO plugin. -->","yoast_head_json":{"title":"SMOKE AND SPOTLIGHT Compilation Vol. 3","description":"SMOKE AND SPOTLIGHT Compilation Vol. 3 - Inhalt, Bandlinks und Informationen","robots":{"index":"index","follow":"follow","max-snippet":"max-snippet:-1","max-image-preview":"max-image-preview:large","max-video-preview":"max-video-preview:-1"},"canonical":"https:\/\/www.death-rock.de\/smoke-and-spotlight-compilations\/smoke-and-spotlight-compilation-vol-3\/","twitter_misc":{"Estimated reading time":"1 minute"},"schema":{"@context":"https:\/\/schema.org","@graph":[{"@type":"WebPage","@id":"https:\/\/www.death-rock.de\/smoke-and-spotlight-compilations\/smoke-and-spotlight-compilation-vol-3\/","url":"https:\/\/www.death-rock.de\/smoke-and-spotlight-compilations\/smoke-and-spotlight-compilation-vol-3\/","name":"SMOKE AND SPOTLIGHT Compilation Vol. 3","isPartOf":{"@id":"https:\/\/www.death-rock.de\/#website"},"primaryImageOfPage":{"@id":"https:\/\/www.death-rock.de\/smoke-and-spotlight-compilations\/smoke-and-spotlight-compilation-vol-3\/#primaryimage"},"image":{"@id":"https:\/\/www.death-rock.de\/smoke-and-spotlight-compilations\/smoke-and-spotlight-compilation-vol-3\/#primaryimage"},"thumbnailUrl":"http:\/\/www.death-rock.de\/wp-content\/uploads\/2011\/02\/sas3web.jpg","datePublished":"2011-02-10T12:26:59+00:00","dateModified":"2015-02-28T12:57:52+00:00","description":"SMOKE AND SPOTLIGHT Compilation Vol. 3 - Inhalt, Bandlinks und Informationen","breadcrumb":{"@id":"https:\/\/www.death-rock.de\/smoke-and-spotlight-compilations\/smoke-and-spotlight-compilation-vol-3\/#breadcrumb"},"inLanguage":"en-GB","potentialAction":[{"@type":"ReadAction","target":["https:\/\/www.death-rock.de\/smoke-and-spotlight-compilations\/smoke-and-spotlight-compilation-vol-3\/"]}]},{"@type":"ImageObject","inLanguage":"en-GB","@id":"https:\/\/www.death-rock.de\/smoke-and-spotlight-compilations\/smoke-and-spotlight-compilation-vol-3\/#primaryimage","url":"http:\/\/www.death-rock.de\/wp-content\/uploads\/2011\/02\/sas3web.jpg","contentUrl":"http:\/\/www.death-rock.de\/wp-content\/uploads\/2011\/02\/sas3web.jpg"},{"@type":"BreadcrumbList","@id":"https:\/\/www.death-rock.de\/smoke-and-spotlight-compilations\/smoke-and-spotlight-compilation-vol-3\/#breadcrumb","itemListElement":[{"@type":"ListItem","position":1,"name":"SMOKE AND SPOTLIGHT Compilations","item":"https:\/\/www.death-rock.de\/smoke-and-spotlight-compilations\/"},{"@type":"ListItem","position":2,"name":"SMOKE AND SPOTLIGHT Compilation Vol. 3"}]},{"@type":"WebSite","@id":"https:\/\/www.death-rock.de\/#website","url":"https:\/\/www.death-rock.de\/","name":"death-rock.de","description":"DJ Cyberpagan","publisher":{"@id":"https:\/\/www.death-rock.de\/#\/schema\/person\/fe673240903035f4f43d178d971ed23e"},"potentialAction":[{"@type":"SearchAction","target":{"@type":"EntryPoint","urlTemplate":"https:\/\/www.death-rock.de\/?s={search_term_string}"},"query-input":{"@type":"PropertyValueSpecification","valueRequired":true,"valueName":"search_term_string"}}],"inLanguage":"en-GB"},{"@type":["Person","Organization"],"@id":"https:\/\/www.death-rock.de\/#\/schema\/person\/fe673240903035f4f43d178d971ed23e","name":"Cyberpagan","image":{"@type":"ImageObject","inLanguage":"en-GB","@id":"https:\/\/www.death-rock.de\/wp-content\/uploads\/2022\/04\/cyberpagan2021.jpg","url":"https:\/\/www.death-rock.de\/wp-content\/uploads\/2022\/04\/cyberpagan2021.jpg","contentUrl":"https:\/\/www.death-rock.de\/wp-content\/uploads\/2022\/04\/cyberpagan2021.jpg","width":350,"height":350,"caption":"Cyberpagan"},"logo":{"@id":"https:\/\/www.death-rock.de\/wp-content\/uploads\/2022\/04\/cyberpagan2021.jpg"},"sameAs":["https:\/\/www.death-rock.de\/","https:\/\/www.facebook.com\/dj.cyberpagan\/","https:\/\/www.instagram.com\/dj_cyberpagan\/","https:\/\/www.youtube.com\/@Cyberpagan"]}]}},"_links":{"self":[{"href":"https:\/\/www.death-rock.de\/en\/wp-json\/wp\/v2\/pages\/406","targetHints":{"allow":["GET"]}}],"collection":[{"href":"https:\/\/www.death-rock.de\/en\/wp-json\/wp\/v2\/pages"}],"about":[{"href":"https:\/\/www.death-rock.de\/en\/wp-json\/wp\/v2\/types\/page"}],"author":[{"embeddable":true,"href":"https:\/\/www.death-rock.de\/en\/wp-json\/wp\/v2\/users\/1"}],"replies":[{"embeddable":true,"href":"https:\/\/www.death-rock.de\/en\/wp-json\/wp\/v2\/comments?post=406"}],"version-history":[{"count":4,"href":"https:\/\/www.death-rock.de\/en\/wp-json\/wp\/v2\/pages\/406\/revisions"}],"predecessor-version":[{"id":2258,"href":"https:\/\/www.death-rock.de\/en\/wp-json\/wp\/v2\/pages\/406\/revisions\/2258"}],"up":[{"embeddable":true,"href":"https:\/\/www.death-rock.de\/en\/wp-json\/wp\/v2\/pages\/24"}],"wp:attachment":[{"href":"https:\/\/www.death-rock.de\/en\/wp-json\/wp\/v2\/media?parent=406"}],"curies":[{"name":"wp","href":"https:\/\/api.w.org\/{rel}","templated":true}]}}