{"id":2775,"date":"2016-09-19T19:24:05","date_gmt":"2016-09-19T17:24:05","guid":{"rendered":"https:\/\/www.death-rock.de\/?page_id=2775"},"modified":"2016-09-19T19:24:05","modified_gmt":"2016-09-19T17:24:05","slug":"messthetics-was-ist-das","status":"publish","type":"page","link":"https:\/\/www.death-rock.de\/en\/messthetics\/messthetics-was-ist-das\/","title":{"rendered":"messthetics? Was ist das?"},"content":{"rendered":"<h2>Der Begriff<\/h2>\n<p>Das Wort &#8220;messthetics&#8221; ist eine Kreuzung aus &#8220;mess&#8221; (Unordnung) und &#8220;aesthetics&#8221; (\u00c4sthetik) und zugleich ein Titel von Scritti Politti. Es dient hier als Titel einer neuen Veranstaltungsreihe, die im September 2007 zun\u00e4chst als einmaliges Special der OUTSIDER-PARTY Premiere hatte und nun ab Fr\u00fchjahr 2008 weitergef\u00fchrt wird.<\/p>\n<h2>Post Punk &#8211; kurze Geschichte<\/h2>\n<p>Nach Rock, Glam, &#8220;Flower Power&#8221; und Punk stellte sich ca. 1977 f\u00fcr viele Musiker die Frage &#8220;wohin jetzt?&#8221; Punk selbst hatte sich mit der Aufl\u00f6sung der Sex Pistols und der Verkommerzialisierung selbst ad absurdum gef\u00fchrt, dennoch gab es viele, die den Grundgedanken des &#8220;do it yourself&#8221; weiterf\u00fchrten, und hierbei sogar noch wesentlich radikaler mit musikalischen Konventionen brachen.<br \/>\nEine der ersten Post Punk Bands waren sicherlich PIL, deren Mastermind John Lydon (&#8220;Johnny Rotten&#8221;) diese Band fast unmittelbar nach seinem Ausstieg bei den Sex Pistols ins Leben rief. Charakteristisch f\u00fcr diese neue Generation von Bands war eine viel offenere Herangehensweise an den kreativen Prozess, wobei es oftmals nicht &#8211; wie beim Punk &#8211; bei klassischer Rock-Instrumentierung (Gesang, Gitarre, Bass, Schlagzeug) blieb. Ebenso wurde mehr als beim Punk mit &#8220;genre-fremden&#8221; Einfl\u00fcssen gespielt, z.B. Reggae-Rhythmen, Einsatz des Studios als Instrument (Effekte, Dubs) und elektronischen Sounds. So entwickelten sich Spielarten von eher &#8220;konventionellen&#8221; Bands wie Joy Division, The Fall oder Josef K \u00fcber elektronische Pioniere wie Cabaret Voltaire oder Throbbing Gristle bis hin zu atonalen Kunstwerken, die vor allem dazu gedacht waren, das Publikum zu schockieren. Die Kernzeit des Post Punk kann grob mit &#8220;zwischen 1978 und 1984&#8221; umrissen werden, acuh wenn eine genaue Einteilung durch die verschiedenen Subszenen (London, Manchester, New York, Cleveland\/Akron etc.) fast unm\u00f6glich wird. In dieser Zeit gab es reine &#8220;Do it Yourself&#8221;-Projekte, deren einziges Ziel war, einmal eine Single in 500 Exemplaren zu verkaufen, andere Bands wiederum zielten ganz offen auf den kommerziellen Erfolg (wenngleich die Musik nach heutigen Ma\u00dfst\u00e4ben alles andere als Kommerziell klingt &#8211; aber es war eben eine andere Zeit&#8230;). Einige Bands (z.B. Scritti Politti oder The Human League) wandten sich sp\u00e4ter recht erfolgreich der Popmusik zu, andere gingen in den 80er Jahren im &#8220;Goth&#8221; auf, viele verschwanden einfach wieder in der Versenkung.<br \/>\nIn den letzten Jahren schlie\u00dflich tauchen wieder Bands auf, die &#8211; teilweise ohne es zu wissen &#8211; die Gedanken des Post Punk wieder aufgreifen und weiter ausbauen. So klingen Bands wie Interpol, Franz Ferdinand oder Motorama\u00a0fast, als h\u00e4tte man Josef K wieder aufleben lassen. Die Geschichte geht also weiter&#8230;<\/p>\n<h2>messthetics &#8211; die Party<\/h2>\n<p>Die Idee, mal ein Post Punk Special zu machen, hatte viel mit der Lekt\u00fcre des Buches &#8220;Rip it up and Start Again&#8221; von Simon Reynolds (mehr dazu unter &#8220;Links&#8221;) zu tun. Die Masse an Bands, die heutzutage entweder unbekannt sind oder einfach auf kein derzeit g\u00e4ngiges &#8220;Partyformat&#8221; passen, bot sich f\u00fcr so ein Special f\u00f6rmlich an. Zwar liefen auch auf der &#8220;normalen&#8221; Outsider-Party schon Bands wie Pere Ubu, Scritti Politti oder Gang of Four, jedoch blieb Post Punk auch auf &#8220;alternativen&#8221; Goth-Parties stets eine Randerscheinung. Da nicht geplant ist, das Konzept der Outsider-Party als Goth-Party zu \u00e4ndern, wurde &#8220;messthetics&#8221; ins Leben gerufen. nach dem Motto &#8220;expect the unexpected&#8221; darf auf dieser Veranstaltung mit einigen Kuriosit\u00e4ten gerechnet werden, die viel zu lange auch im Subkultur-Bereich links liegen gelassen wurden.<\/p>\n","protected":false},"excerpt":{"rendered":"<p>Der Begriff Das Wort &#8220;messthetics&#8221; ist eine Kreuzung aus &#8220;mess&#8221; (Unordnung) und &#8220;aesthetics&#8221; (\u00c4sthetik) und zugleich ein Titel von Scritti Politti. Es dient hier als Titel einer neuen Veranstaltungsreihe, die im September 2007 zun\u00e4chst als einmaliges Special der OUTSIDER-PARTY Premiere hatte und nun ab Fr\u00fchjahr 2008 weitergef\u00fchrt wird. Post Punk &#8211; kurze Geschichte Nach Rock, [&hellip;]<\/p>\n","protected":false},"author":1,"featured_media":0,"parent":2772,"menu_order":0,"comment_status":"closed","ping_status":"closed","template":"","meta":{"ngg_post_thumbnail":0,"footnotes":""},"class_list":["post-2775","page","type-page","status-publish","hentry"],"yoast_head":"<!-- This site is optimized with the Yoast SEO plugin v27.6 - https:\/\/yoast.com\/product\/yoast-seo-wordpress\/ -->\n<title>messthetics? Was ist das? | death-rock.de<\/title>\n<meta name=\"description\" content=\"Der Begriff | Post Punk - kurze Geschichte | messthetics - die Party\" \/>\n<meta name=\"robots\" content=\"index, follow, max-snippet:-1, max-image-preview:large, max-video-preview:-1\" \/>\n<link rel=\"canonical\" href=\"https:\/\/www.death-rock.de\/messthetics\/messthetics-was-ist-das\/\" \/>\n<meta name=\"twitter:label1\" content=\"Estimated reading time\" \/>\n\t<meta name=\"twitter:data1\" content=\"3 minutes\" \/>\n<script type=\"application\/ld+json\" class=\"yoast-schema-graph\">{\"@context\":\"https:\\\/\\\/schema.org\",\"@graph\":[{\"@type\":\"WebPage\",\"@id\":\"https:\\\/\\\/www.death-rock.de\\\/messthetics\\\/messthetics-was-ist-das\\\/\",\"url\":\"https:\\\/\\\/www.death-rock.de\\\/messthetics\\\/messthetics-was-ist-das\\\/\",\"name\":\"messthetics? Was ist das? | death-rock.de\",\"isPartOf\":{\"@id\":\"https:\\\/\\\/www.death-rock.de\\\/#website\"},\"datePublished\":\"2016-09-19T17:24:05+00:00\",\"description\":\"Der Begriff | Post Punk - kurze Geschichte | messthetics - die Party\",\"breadcrumb\":{\"@id\":\"https:\\\/\\\/www.death-rock.de\\\/messthetics\\\/messthetics-was-ist-das\\\/#breadcrumb\"},\"inLanguage\":\"en-GB\",\"potentialAction\":[{\"@type\":\"ReadAction\",\"target\":[\"https:\\\/\\\/www.death-rock.de\\\/messthetics\\\/messthetics-was-ist-das\\\/\"]}]},{\"@type\":\"BreadcrumbList\",\"@id\":\"https:\\\/\\\/www.death-rock.de\\\/messthetics\\\/messthetics-was-ist-das\\\/#breadcrumb\",\"itemListElement\":[{\"@type\":\"ListItem\",\"position\":1,\"name\":\"messthetics\",\"item\":\"https:\\\/\\\/www.death-rock.de\\\/messthetics\\\/\"},{\"@type\":\"ListItem\",\"position\":2,\"name\":\"messthetics? Was ist das?\"}]},{\"@type\":\"WebSite\",\"@id\":\"https:\\\/\\\/www.death-rock.de\\\/#website\",\"url\":\"https:\\\/\\\/www.death-rock.de\\\/\",\"name\":\"death-rock.de\",\"description\":\"DJ Cyberpagan\",\"publisher\":{\"@id\":\"https:\\\/\\\/www.death-rock.de\\\/#\\\/schema\\\/person\\\/fe673240903035f4f43d178d971ed23e\"},\"potentialAction\":[{\"@type\":\"SearchAction\",\"target\":{\"@type\":\"EntryPoint\",\"urlTemplate\":\"https:\\\/\\\/www.death-rock.de\\\/?s={search_term_string}\"},\"query-input\":{\"@type\":\"PropertyValueSpecification\",\"valueRequired\":true,\"valueName\":\"search_term_string\"}}],\"inLanguage\":\"en-GB\"},{\"@type\":[\"Person\",\"Organization\"],\"@id\":\"https:\\\/\\\/www.death-rock.de\\\/#\\\/schema\\\/person\\\/fe673240903035f4f43d178d971ed23e\",\"name\":\"Cyberpagan\",\"image\":{\"@type\":\"ImageObject\",\"inLanguage\":\"en-GB\",\"@id\":\"https:\\\/\\\/www.death-rock.de\\\/wp-content\\\/uploads\\\/2022\\\/04\\\/cyberpagan2021.jpg\",\"url\":\"https:\\\/\\\/www.death-rock.de\\\/wp-content\\\/uploads\\\/2022\\\/04\\\/cyberpagan2021.jpg\",\"contentUrl\":\"https:\\\/\\\/www.death-rock.de\\\/wp-content\\\/uploads\\\/2022\\\/04\\\/cyberpagan2021.jpg\",\"width\":350,\"height\":350,\"caption\":\"Cyberpagan\"},\"logo\":{\"@id\":\"https:\\\/\\\/www.death-rock.de\\\/wp-content\\\/uploads\\\/2022\\\/04\\\/cyberpagan2021.jpg\"},\"sameAs\":[\"https:\\\/\\\/www.death-rock.de\\\/\",\"https:\\\/\\\/www.facebook.com\\\/dj.cyberpagan\\\/\",\"https:\\\/\\\/www.instagram.com\\\/dj_cyberpagan\\\/\",\"https:\\\/\\\/www.youtube.com\\\/@Cyberpagan\"]}]}<\/script>\n<!-- \/ Yoast SEO plugin. -->","yoast_head_json":{"title":"messthetics? Was ist das? | death-rock.de","description":"Der Begriff | Post Punk - kurze Geschichte | messthetics - die Party","robots":{"index":"index","follow":"follow","max-snippet":"max-snippet:-1","max-image-preview":"max-image-preview:large","max-video-preview":"max-video-preview:-1"},"canonical":"https:\/\/www.death-rock.de\/messthetics\/messthetics-was-ist-das\/","twitter_misc":{"Estimated reading time":"3 minutes"},"schema":{"@context":"https:\/\/schema.org","@graph":[{"@type":"WebPage","@id":"https:\/\/www.death-rock.de\/messthetics\/messthetics-was-ist-das\/","url":"https:\/\/www.death-rock.de\/messthetics\/messthetics-was-ist-das\/","name":"messthetics? Was ist das? | death-rock.de","isPartOf":{"@id":"https:\/\/www.death-rock.de\/#website"},"datePublished":"2016-09-19T17:24:05+00:00","description":"Der Begriff | Post Punk - kurze Geschichte | messthetics - die Party","breadcrumb":{"@id":"https:\/\/www.death-rock.de\/messthetics\/messthetics-was-ist-das\/#breadcrumb"},"inLanguage":"en-GB","potentialAction":[{"@type":"ReadAction","target":["https:\/\/www.death-rock.de\/messthetics\/messthetics-was-ist-das\/"]}]},{"@type":"BreadcrumbList","@id":"https:\/\/www.death-rock.de\/messthetics\/messthetics-was-ist-das\/#breadcrumb","itemListElement":[{"@type":"ListItem","position":1,"name":"messthetics","item":"https:\/\/www.death-rock.de\/messthetics\/"},{"@type":"ListItem","position":2,"name":"messthetics? Was ist das?"}]},{"@type":"WebSite","@id":"https:\/\/www.death-rock.de\/#website","url":"https:\/\/www.death-rock.de\/","name":"death-rock.de","description":"DJ Cyberpagan","publisher":{"@id":"https:\/\/www.death-rock.de\/#\/schema\/person\/fe673240903035f4f43d178d971ed23e"},"potentialAction":[{"@type":"SearchAction","target":{"@type":"EntryPoint","urlTemplate":"https:\/\/www.death-rock.de\/?s={search_term_string}"},"query-input":{"@type":"PropertyValueSpecification","valueRequired":true,"valueName":"search_term_string"}}],"inLanguage":"en-GB"},{"@type":["Person","Organization"],"@id":"https:\/\/www.death-rock.de\/#\/schema\/person\/fe673240903035f4f43d178d971ed23e","name":"Cyberpagan","image":{"@type":"ImageObject","inLanguage":"en-GB","@id":"https:\/\/www.death-rock.de\/wp-content\/uploads\/2022\/04\/cyberpagan2021.jpg","url":"https:\/\/www.death-rock.de\/wp-content\/uploads\/2022\/04\/cyberpagan2021.jpg","contentUrl":"https:\/\/www.death-rock.de\/wp-content\/uploads\/2022\/04\/cyberpagan2021.jpg","width":350,"height":350,"caption":"Cyberpagan"},"logo":{"@id":"https:\/\/www.death-rock.de\/wp-content\/uploads\/2022\/04\/cyberpagan2021.jpg"},"sameAs":["https:\/\/www.death-rock.de\/","https:\/\/www.facebook.com\/dj.cyberpagan\/","https:\/\/www.instagram.com\/dj_cyberpagan\/","https:\/\/www.youtube.com\/@Cyberpagan"]}]}},"_links":{"self":[{"href":"https:\/\/www.death-rock.de\/en\/wp-json\/wp\/v2\/pages\/2775","targetHints":{"allow":["GET"]}}],"collection":[{"href":"https:\/\/www.death-rock.de\/en\/wp-json\/wp\/v2\/pages"}],"about":[{"href":"https:\/\/www.death-rock.de\/en\/wp-json\/wp\/v2\/types\/page"}],"author":[{"embeddable":true,"href":"https:\/\/www.death-rock.de\/en\/wp-json\/wp\/v2\/users\/1"}],"replies":[{"embeddable":true,"href":"https:\/\/www.death-rock.de\/en\/wp-json\/wp\/v2\/comments?post=2775"}],"version-history":[{"count":1,"href":"https:\/\/www.death-rock.de\/en\/wp-json\/wp\/v2\/pages\/2775\/revisions"}],"predecessor-version":[{"id":2776,"href":"https:\/\/www.death-rock.de\/en\/wp-json\/wp\/v2\/pages\/2775\/revisions\/2776"}],"up":[{"embeddable":true,"href":"https:\/\/www.death-rock.de\/en\/wp-json\/wp\/v2\/pages\/2772"}],"wp:attachment":[{"href":"https:\/\/www.death-rock.de\/en\/wp-json\/wp\/v2\/media?parent=2775"}],"curies":[{"name":"wp","href":"https:\/\/api.w.org\/{rel}","templated":true}]}}