{"id":26,"date":"2011-01-13T14:55:59","date_gmt":"2011-01-13T13:55:59","guid":{"rendered":"http:\/\/www.death-rock.de\/wordpress\/"},"modified":"2015-02-28T14:57:52","modified_gmt":"2015-02-28T12:57:52","slug":"smoke-and-spotlight-compilation-vol-1","status":"publish","type":"page","link":"https:\/\/www.death-rock.de\/en\/smoke-and-spotlight-compilations\/smoke-and-spotlight-compilation-vol-1\/","title":{"rendered":"SMOKE AND SPOTLIGHT Compilation Vol. 1"},"content":{"rendered":"<p>In Zusammenarbeit mit <a href=\"http:\/\/www.staticsilence.de\/html\/x-pops.html\" target=\"_blank\">X-Pop Society<\/a> pr\u00e4sentiert <strong>death-rock.de<\/strong> die erste Compilation-CD:<\/p>\n<p><strong>Smoke And Spotlight Vol. 1<\/strong> bietet 20 Tracks bekannter und (noch) unbekannter Bands zum kleinen Preis. Die CD wurde f\u00fcr nur 6,- Euro verkauft und die gesamten Erl\u00f6se wurden f\u00fcr Veranstaltungen der X-Pop Society und death-rock.de verwendet.<\/p>\n<p><img loading=\"lazy\" decoding=\"async\" class=\"aligncenter size-medium wp-image-396\" title=\"SMOKE AND SPOTLIGHT Vol. 1\" src=\"http:\/\/www.death-rock.de\/wp-content\/uploads\/2011\/01\/sas1cover-web-300x272.jpg\" alt=\"SMOKE AND SPOTLIGHT Vol. 1\" width=\"300\" height=\"272\" \/><\/p>\n<p><strong>TRACKLISTING:<\/strong><\/p>\n<ol>\n<li>ALL GONE DEAD (UK) -Newspeak (Room 101) &#8211; <a href=\"http:\/\/www.allgonedead.net\/\" target=\"_blank\">WEBSITE<\/a><\/li>\n<li>THE PLASMAREDS (D) &#8211; Alarmstufe Rot &#8211; <a href=\"http:\/\/www.myspace.com\/theplasmareds\" target=\"_blank\">WEBSITE<\/a><\/li>\n<li>MISS T AND THE JAPANESE TOURISTS (UK) &#8211; Little Girl &#8211; <a href=\"http:\/\/www.myspace.com\/misstandjts\" target=\"_blank\">WEBSITE<\/a><\/li>\n<li>KATZENJAMMER KABARETT (F) &#8211; Three Sketches &#8211; <a href=\"http:\/\/www.katzenjammer-kabarett.com\/\" target=\"_blank\">WEBSITE<\/a><\/li>\n<li>ZOMBINA AND THE SKELETONES (UK) &#8211; Spring Heeled Jack &#8211; <a href=\"http:\/\/www.zombina.com\/\" target=\"_blank\">WEBSITE<\/a><\/li>\n<li>RAZORBLADEKISSES (UK) &#8211; Ballerina (Jiant Mix) &#8211; <a href=\"http:\/\/www.razorbladekisses.com\/\" target=\"_blank\">WEBSITE<\/a><\/li>\n<li>FORMFLEISCH (D) &#8211; S\u00e4ge &#8211; <a href=\"http:\/\/www.formfleisch.net\/\" target=\"_blank\">WEBSITE<\/a><\/li>\n<li>MORBID POETRY (D) &#8211; Train &#8211; <a href=\"http:\/\/www.morbidpoetry.de\/\" target=\"_blank\">WEBSITE<\/a><\/li>\n<li>CASUAL (E) &#8211; Hotes Lentes &#8211; <a href=\"http:\/\/www.casual-barcelona.com\/\" target=\"_blank\">WEBSITE<\/a><\/li>\n<li>SYLIC (D) &#8211; T\u00f6te mich &#8211; <a href=\"http:\/\/www.sylic.de\/\" target=\"_blank\">WEBSITE<\/a><\/li>\n<li>MONOZID (D) &#8211; Gleis 3 &#8211; <a href=\"http:\/\/www.monozid.de\/\" target=\"_blank\">WEBSITE<\/a><\/li>\n<li>COLLAPSING NEW PEOPLE (A) &#8211; Meat Machine (Paid Advertising) &#8211; <a href=\"http:\/\/www.collapsingnewpeople.eu\/\" target=\"_blank\">WEBSITE<\/a><\/li>\n<li>SICKDOLL (D) &#8211; Liebe ist (was anderes) &#8211; <a href=\"http:\/\/www.myspace.com\/xsickdollx\" target=\"_blank\">WEBSITE<\/a><\/li>\n<li>ZORCH FACTOR (F) &#8211; Shadow of Life &#8211; <a href=\"http:\/\/www.zorchfactor.com\/\" target=\"_blank\">WEBSITE<\/a><\/li>\n<li>SEX SHOULD BE FEMALE (D) &#8211; Bloody Black and White &#8211; <a href=\"http:\/\/www.sexshouldbefemale.com\/\" target=\"_blank\">WEBSITE<\/a><\/li>\n<li>A SPECTRE IS HAUNTING EUROPE (CAN) &#8211; Hospital Problems &#8211; <a href=\"http:\/\/www.aspectreishauntingeurope.com\/\" target=\"_blank\">WEBSITE<\/a><\/li>\n<li>THE POSSESSIONS (D) &#8211; Control &#8211; <a href=\"http:\/\/www.myspace.com\/thepossessions\" target=\"_blank\">WEBSITE<\/a><\/li>\n<li>INSIDE AGITATOR (D) &#8211; I See You (WaveRock Remix) &#8211; <a href=\"http:\/\/www.staticsilence.de\/\" target=\"_blank\">WEBSITE<\/a><\/li>\n<li>PRETTY BALANCED (USA) &#8211; Miriam &#8211; <a href=\"http:\/\/www.prettybalanced.com\/\" target=\"_blank\">WEBSITE<\/a><\/li>\n<li>ALL ABOUT EVE (UK) &#8211; Melting &#8211; <a href=\"http:\/\/www.julianneregan.net\/\" target=\"_blank\">WEBSITE<\/a><\/li>\n<\/ol>\n<h2><a title=\"SMOKE AND SPOTLIGHT Compilation Vol. 1\" href=\"https:\/\/smokeandspotlightcompilations.bandcamp.com\/album\/smoke-and-spotlight-compilation-vol-1\" target=\"_blank\">Digitaldownload auf Bandcamp.com<\/a><\/h2>\n<p>&#8220;Name Your Price&#8221; &#8211; ab 0,- \u20ac!<\/p>\n","protected":false},"excerpt":{"rendered":"<p>In Zusammenarbeit mit X-Pop Society pr\u00e4sentiert death-rock.de die erste Compilation-CD: Smoke And Spotlight Vol. 1 bietet 20 Tracks bekannter und (noch) unbekannter Bands zum kleinen Preis. Die CD wurde f\u00fcr nur 6,- Euro verkauft und die gesamten Erl\u00f6se wurden f\u00fcr Veranstaltungen der X-Pop Society und death-rock.de verwendet. TRACKLISTING: ALL GONE DEAD (UK) -Newspeak (Room 101) [&hellip;]<\/p>\n","protected":false},"author":1,"featured_media":0,"parent":24,"menu_order":0,"comment_status":"closed","ping_status":"open","template":"","meta":{"footnotes":""},"class_list":["post-26","page","type-page","status-publish","hentry"],"yoast_head":"<!-- This site is optimized with the Yoast SEO plugin v27.5 - https:\/\/yoast.com\/product\/yoast-seo-wordpress\/ -->\n<title>SMOKE AND SPOTLIGHT Compilation Vol. 1<\/title>\n<meta name=\"description\" content=\"SMOKE AND SPOTLIGHT Compilation Vol. 1 - Inhalt, Bandlinks und Informationen\" \/>\n<meta name=\"robots\" content=\"index, follow, max-snippet:-1, max-image-preview:large, max-video-preview:-1\" \/>\n<link rel=\"canonical\" href=\"https:\/\/www.death-rock.de\/smoke-and-spotlight-compilations\/smoke-and-spotlight-compilation-vol-1\/\" \/>\n<meta name=\"twitter:label1\" content=\"Estimated reading time\" \/>\n\t<meta name=\"twitter:data1\" content=\"1 minute\" \/>\n<script type=\"application\/ld+json\" class=\"yoast-schema-graph\">{\"@context\":\"https:\\\/\\\/schema.org\",\"@graph\":[{\"@type\":\"WebPage\",\"@id\":\"https:\\\/\\\/www.death-rock.de\\\/smoke-and-spotlight-compilations\\\/smoke-and-spotlight-compilation-vol-1\\\/\",\"url\":\"https:\\\/\\\/www.death-rock.de\\\/smoke-and-spotlight-compilations\\\/smoke-and-spotlight-compilation-vol-1\\\/\",\"name\":\"SMOKE AND SPOTLIGHT Compilation Vol. 1\",\"isPartOf\":{\"@id\":\"https:\\\/\\\/www.death-rock.de\\\/#website\"},\"primaryImageOfPage\":{\"@id\":\"https:\\\/\\\/www.death-rock.de\\\/smoke-and-spotlight-compilations\\\/smoke-and-spotlight-compilation-vol-1\\\/#primaryimage\"},\"image\":{\"@id\":\"https:\\\/\\\/www.death-rock.de\\\/smoke-and-spotlight-compilations\\\/smoke-and-spotlight-compilation-vol-1\\\/#primaryimage\"},\"thumbnailUrl\":\"http:\\\/\\\/www.death-rock.de\\\/wp-content\\\/uploads\\\/2011\\\/01\\\/sas1cover-web-300x272.jpg\",\"datePublished\":\"2011-01-13T13:55:59+00:00\",\"dateModified\":\"2015-02-28T12:57:52+00:00\",\"description\":\"SMOKE AND SPOTLIGHT Compilation Vol. 1 - Inhalt, Bandlinks und Informationen\",\"breadcrumb\":{\"@id\":\"https:\\\/\\\/www.death-rock.de\\\/smoke-and-spotlight-compilations\\\/smoke-and-spotlight-compilation-vol-1\\\/#breadcrumb\"},\"inLanguage\":\"en-GB\",\"potentialAction\":[{\"@type\":\"ReadAction\",\"target\":[\"https:\\\/\\\/www.death-rock.de\\\/smoke-and-spotlight-compilations\\\/smoke-and-spotlight-compilation-vol-1\\\/\"]}]},{\"@type\":\"ImageObject\",\"inLanguage\":\"en-GB\",\"@id\":\"https:\\\/\\\/www.death-rock.de\\\/smoke-and-spotlight-compilations\\\/smoke-and-spotlight-compilation-vol-1\\\/#primaryimage\",\"url\":\"http:\\\/\\\/www.death-rock.de\\\/wp-content\\\/uploads\\\/2011\\\/01\\\/sas1cover-web-300x272.jpg\",\"contentUrl\":\"http:\\\/\\\/www.death-rock.de\\\/wp-content\\\/uploads\\\/2011\\\/01\\\/sas1cover-web-300x272.jpg\"},{\"@type\":\"BreadcrumbList\",\"@id\":\"https:\\\/\\\/www.death-rock.de\\\/smoke-and-spotlight-compilations\\\/smoke-and-spotlight-compilation-vol-1\\\/#breadcrumb\",\"itemListElement\":[{\"@type\":\"ListItem\",\"position\":1,\"name\":\"SMOKE AND SPOTLIGHT Compilations\",\"item\":\"https:\\\/\\\/www.death-rock.de\\\/smoke-and-spotlight-compilations\\\/\"},{\"@type\":\"ListItem\",\"position\":2,\"name\":\"SMOKE AND SPOTLIGHT Compilation Vol. 1\"}]},{\"@type\":\"WebSite\",\"@id\":\"https:\\\/\\\/www.death-rock.de\\\/#website\",\"url\":\"https:\\\/\\\/www.death-rock.de\\\/\",\"name\":\"death-rock.de\",\"description\":\"DJ Cyberpagan\",\"publisher\":{\"@id\":\"https:\\\/\\\/www.death-rock.de\\\/#\\\/schema\\\/person\\\/fe673240903035f4f43d178d971ed23e\"},\"potentialAction\":[{\"@type\":\"SearchAction\",\"target\":{\"@type\":\"EntryPoint\",\"urlTemplate\":\"https:\\\/\\\/www.death-rock.de\\\/?s={search_term_string}\"},\"query-input\":{\"@type\":\"PropertyValueSpecification\",\"valueRequired\":true,\"valueName\":\"search_term_string\"}}],\"inLanguage\":\"en-GB\"},{\"@type\":[\"Person\",\"Organization\"],\"@id\":\"https:\\\/\\\/www.death-rock.de\\\/#\\\/schema\\\/person\\\/fe673240903035f4f43d178d971ed23e\",\"name\":\"Cyberpagan\",\"image\":{\"@type\":\"ImageObject\",\"inLanguage\":\"en-GB\",\"@id\":\"https:\\\/\\\/www.death-rock.de\\\/wp-content\\\/uploads\\\/2022\\\/04\\\/cyberpagan2021.jpg\",\"url\":\"https:\\\/\\\/www.death-rock.de\\\/wp-content\\\/uploads\\\/2022\\\/04\\\/cyberpagan2021.jpg\",\"contentUrl\":\"https:\\\/\\\/www.death-rock.de\\\/wp-content\\\/uploads\\\/2022\\\/04\\\/cyberpagan2021.jpg\",\"width\":350,\"height\":350,\"caption\":\"Cyberpagan\"},\"logo\":{\"@id\":\"https:\\\/\\\/www.death-rock.de\\\/wp-content\\\/uploads\\\/2022\\\/04\\\/cyberpagan2021.jpg\"},\"sameAs\":[\"https:\\\/\\\/www.death-rock.de\\\/\",\"https:\\\/\\\/www.facebook.com\\\/dj.cyberpagan\\\/\",\"https:\\\/\\\/www.instagram.com\\\/dj_cyberpagan\\\/\",\"https:\\\/\\\/www.youtube.com\\\/@Cyberpagan\"]}]}<\/script>\n<!-- \/ Yoast SEO plugin. -->","yoast_head_json":{"title":"SMOKE AND SPOTLIGHT Compilation Vol. 1","description":"SMOKE AND SPOTLIGHT Compilation Vol. 1 - Inhalt, Bandlinks und Informationen","robots":{"index":"index","follow":"follow","max-snippet":"max-snippet:-1","max-image-preview":"max-image-preview:large","max-video-preview":"max-video-preview:-1"},"canonical":"https:\/\/www.death-rock.de\/smoke-and-spotlight-compilations\/smoke-and-spotlight-compilation-vol-1\/","twitter_misc":{"Estimated reading time":"1 minute"},"schema":{"@context":"https:\/\/schema.org","@graph":[{"@type":"WebPage","@id":"https:\/\/www.death-rock.de\/smoke-and-spotlight-compilations\/smoke-and-spotlight-compilation-vol-1\/","url":"https:\/\/www.death-rock.de\/smoke-and-spotlight-compilations\/smoke-and-spotlight-compilation-vol-1\/","name":"SMOKE AND SPOTLIGHT Compilation Vol. 1","isPartOf":{"@id":"https:\/\/www.death-rock.de\/#website"},"primaryImageOfPage":{"@id":"https:\/\/www.death-rock.de\/smoke-and-spotlight-compilations\/smoke-and-spotlight-compilation-vol-1\/#primaryimage"},"image":{"@id":"https:\/\/www.death-rock.de\/smoke-and-spotlight-compilations\/smoke-and-spotlight-compilation-vol-1\/#primaryimage"},"thumbnailUrl":"http:\/\/www.death-rock.de\/wp-content\/uploads\/2011\/01\/sas1cover-web-300x272.jpg","datePublished":"2011-01-13T13:55:59+00:00","dateModified":"2015-02-28T12:57:52+00:00","description":"SMOKE AND SPOTLIGHT Compilation Vol. 1 - Inhalt, Bandlinks und Informationen","breadcrumb":{"@id":"https:\/\/www.death-rock.de\/smoke-and-spotlight-compilations\/smoke-and-spotlight-compilation-vol-1\/#breadcrumb"},"inLanguage":"en-GB","potentialAction":[{"@type":"ReadAction","target":["https:\/\/www.death-rock.de\/smoke-and-spotlight-compilations\/smoke-and-spotlight-compilation-vol-1\/"]}]},{"@type":"ImageObject","inLanguage":"en-GB","@id":"https:\/\/www.death-rock.de\/smoke-and-spotlight-compilations\/smoke-and-spotlight-compilation-vol-1\/#primaryimage","url":"http:\/\/www.death-rock.de\/wp-content\/uploads\/2011\/01\/sas1cover-web-300x272.jpg","contentUrl":"http:\/\/www.death-rock.de\/wp-content\/uploads\/2011\/01\/sas1cover-web-300x272.jpg"},{"@type":"BreadcrumbList","@id":"https:\/\/www.death-rock.de\/smoke-and-spotlight-compilations\/smoke-and-spotlight-compilation-vol-1\/#breadcrumb","itemListElement":[{"@type":"ListItem","position":1,"name":"SMOKE AND SPOTLIGHT Compilations","item":"https:\/\/www.death-rock.de\/smoke-and-spotlight-compilations\/"},{"@type":"ListItem","position":2,"name":"SMOKE AND SPOTLIGHT Compilation Vol. 1"}]},{"@type":"WebSite","@id":"https:\/\/www.death-rock.de\/#website","url":"https:\/\/www.death-rock.de\/","name":"death-rock.de","description":"DJ Cyberpagan","publisher":{"@id":"https:\/\/www.death-rock.de\/#\/schema\/person\/fe673240903035f4f43d178d971ed23e"},"potentialAction":[{"@type":"SearchAction","target":{"@type":"EntryPoint","urlTemplate":"https:\/\/www.death-rock.de\/?s={search_term_string}"},"query-input":{"@type":"PropertyValueSpecification","valueRequired":true,"valueName":"search_term_string"}}],"inLanguage":"en-GB"},{"@type":["Person","Organization"],"@id":"https:\/\/www.death-rock.de\/#\/schema\/person\/fe673240903035f4f43d178d971ed23e","name":"Cyberpagan","image":{"@type":"ImageObject","inLanguage":"en-GB","@id":"https:\/\/www.death-rock.de\/wp-content\/uploads\/2022\/04\/cyberpagan2021.jpg","url":"https:\/\/www.death-rock.de\/wp-content\/uploads\/2022\/04\/cyberpagan2021.jpg","contentUrl":"https:\/\/www.death-rock.de\/wp-content\/uploads\/2022\/04\/cyberpagan2021.jpg","width":350,"height":350,"caption":"Cyberpagan"},"logo":{"@id":"https:\/\/www.death-rock.de\/wp-content\/uploads\/2022\/04\/cyberpagan2021.jpg"},"sameAs":["https:\/\/www.death-rock.de\/","https:\/\/www.facebook.com\/dj.cyberpagan\/","https:\/\/www.instagram.com\/dj_cyberpagan\/","https:\/\/www.youtube.com\/@Cyberpagan"]}]}},"_links":{"self":[{"href":"https:\/\/www.death-rock.de\/en\/wp-json\/wp\/v2\/pages\/26","targetHints":{"allow":["GET"]}}],"collection":[{"href":"https:\/\/www.death-rock.de\/en\/wp-json\/wp\/v2\/pages"}],"about":[{"href":"https:\/\/www.death-rock.de\/en\/wp-json\/wp\/v2\/types\/page"}],"author":[{"embeddable":true,"href":"https:\/\/www.death-rock.de\/en\/wp-json\/wp\/v2\/users\/1"}],"replies":[{"embeddable":true,"href":"https:\/\/www.death-rock.de\/en\/wp-json\/wp\/v2\/comments?post=26"}],"version-history":[{"count":5,"href":"https:\/\/www.death-rock.de\/en\/wp-json\/wp\/v2\/pages\/26\/revisions"}],"predecessor-version":[{"id":2260,"href":"https:\/\/www.death-rock.de\/en\/wp-json\/wp\/v2\/pages\/26\/revisions\/2260"}],"up":[{"embeddable":true,"href":"https:\/\/www.death-rock.de\/en\/wp-json\/wp\/v2\/pages\/24"}],"wp:attachment":[{"href":"https:\/\/www.death-rock.de\/en\/wp-json\/wp\/v2\/media?parent=26"}],"curies":[{"name":"wp","href":"https:\/\/api.w.org\/{rel}","templated":true}]}}